{"id":10080,"date":"2025-05-08T20:24:42","date_gmt":"2025-05-08T18:24:42","guid":{"rendered":"https:\/\/radioartland.org\/dev\/?page_id=10080"},"modified":"2025-06-06T00:01:28","modified_gmt":"2025-06-05T22:01:28","slug":"ra-about-us","status":"publish","type":"page","link":"https:\/\/radioartland.org\/dev\/ra-about-us\/","title":{"rendered":"RA-About Us"},"content":{"rendered":"\t\t<div data-elementor-type=\"wp-page\" data-elementor-id=\"10080\" class=\"elementor elementor-10080\" data-elementor-post-type=\"page\">\n\t\t\t\t<div class=\"elementor-element elementor-element-b074f11 e-flex e-con-boxed e-con e-parent\" data-id=\"b074f11\" data-element_type=\"container\" data-settings=\"{&quot;background_background&quot;:&quot;classic&quot;}\">\n\t\t\t\t\t<div class=\"e-con-inner\">\n\t\t<div data-dce-background-overlay-color=\"#111111\" data-dce-background-image-url=\"https:\/\/radioartland.org\/dev\/wp-content\/uploads\/2025\/04\/Radio-Artland-Versammlung-1920x500-1.jpg\" class=\"elementor-element elementor-element-a6f75fe e-flex e-con-boxed e-con e-child\" data-id=\"a6f75fe\" data-element_type=\"container\" data-settings=\"{&quot;background_background&quot;:&quot;classic&quot;}\">\n\t\t\t\t\t<div class=\"e-con-inner\">\n\t\t<div class=\"elementor-element elementor-element-a3a7d58 e-flex e-con-boxed e-con e-child\" data-id=\"a3a7d58\" data-element_type=\"container\" data-settings=\"{&quot;background_background&quot;:&quot;classic&quot;}\">\n\t\t\t\t\t<div class=\"e-con-inner\">\n\t\t<div class=\"elementor-element elementor-element-049ad10 e-flex e-con-boxed e-con e-child\" data-id=\"049ad10\" data-element_type=\"container\" data-settings=\"{&quot;background_background&quot;:&quot;classic&quot;}\">\n\t\t\t\t\t<div class=\"e-con-inner\">\n\t\t\t\t<div class=\"elementor-element elementor-element-8b7f41c elementor-widget elementor-widget-heading\" data-id=\"8b7f41c\" data-element_type=\"widget\" data-widget_type=\"heading.default\">\n\t\t\t\t\t<h2 class=\"elementor-heading-title elementor-size-default\">ABOUT US \/ \u00dcBER UNS<\/h2>\t\t\t\t<\/div>\n\t\t\t\t<div class=\"elementor-element elementor-element-1b43c45 elementor-widget elementor-widget-text-editor\" data-id=\"1b43c45\" data-element_type=\"widget\" data-widget_type=\"text-editor.default\">\n\t\t\t\t\t\t\t\t\t<p>HUMAN POWERED RADIO FROM ARTLAND<\/p>\t\t\t\t\t\t\t\t<\/div>\n\t\t\t\t\t<\/div>\n\t\t\t\t<\/div>\n\t\t\t\t\t<\/div>\n\t\t\t\t<\/div>\n\t\t\t\t\t<\/div>\n\t\t\t\t<\/div>\n\t\t\t\t\t<\/div>\n\t\t\t\t<\/div>\n\t\t<div class=\"elementor-element elementor-element-56e92a2 e-flex e-con-boxed e-con e-parent\" data-id=\"56e92a2\" data-element_type=\"container\">\n\t\t\t\t\t<div class=\"e-con-inner\">\n\t\t<div class=\"elementor-element elementor-element-267f066 e-con-full e-flex e-con e-child\" data-id=\"267f066\" data-element_type=\"container\">\n\t\t\t\t<div class=\"elementor-element elementor-element-b49b3b9 elementor-widget elementor-widget-text-editor\" data-id=\"b49b3b9\" data-element_type=\"widget\" data-widget_type=\"text-editor.default\">\n\t\t\t\t\t\t\t\t\t<h2>DE: UNSER AUFTRAG<\/h2><p>RadioArt.Land ist ein gemeinn\u00fctziger Community Streaming Radiosender, der von der USED-Fabrikhalle in Quakenbr\u00fcck in der Region Artland in Deutschland sendet. Wir werden von unseren Community-Sponsoren und H\u00f6rern unterst\u00fctzt.<\/p><p>Wir engagieren uns f\u00fcr die Gemeinschaftsbildung durch die Einbeziehung aller Musikstile, Geschlechter, Ethnien, Altersgruppen, sexueller Orientierung und wirtschaftlichen Status durch gegenseitige Liebe und Respekt f\u00fcr Musik und k\u00fcnstlerische Darbietung. Wir stehen gegen Rassismus, Sexismus, Fremdenfeindlichkeit, Homophobie sowie Hass und Gewalt.<\/p><h2>UNSERE VISION<\/h2><p>Wir hoffen, eine Umgebung zu schaffen, in der Zuschauer und Zuh\u00f6rer sich engagiert und interessiert an allem f\u00fchlen, was wir im Bereich der Multi-Genre-Programme zu bieten haben. Wir beabsichtigen, der Kunstgemeinschaft in Artland eine Stimme zu geben und einen Raum f\u00fcr K\u00fcnstler zu schaffen, in dem sie ihre Werke pr\u00e4sentieren k\u00f6nnen. Wir ermutigen zur Unterst\u00fctzung von K\u00fcnstlern \u00fcber Medien und Genres hinweg und hoffen, Talente zu f\u00f6rdern und dem Kuratieren und Dokumentieren von Musik und Kunstgeschichte sowie der Kunst des DJing einen besonderen Stellenwert einzur\u00e4umen.<\/p><p>Unser Programm ist kostenlos und kann sowohl \u00fcber unsere Website als auch \u00fcber Mixcloud (auch \u00fcber die Mixcloud-App) angesehen und angeh\u00f6rt werden.<\/p><h2>DER VORSTAND<\/h2><div class=\"wpb_column vc_column_container vc_col-sm-6\"><div class=\"vc_column-inner\"><div class=\"wpb_wrapper\"><div class=\"wpb_text_column wpb_content_element \"><div class=\"wpb_wrapper\"><h5>ROBERT GIDDENS<\/h5><h5>MARKUS GRUNDMANN<\/h5><h5>DOROTHEE FELSTERMANN \u2013 SCHRIFTF\u00dcHRERIN<\/h5><h5>KOSTA GIDDENS<\/h5><h5>DANIELA ACKMANN &#8211; FINANZEN<\/h5><h5>THOMAS SCHUBERT<\/h5><h5>GISBERT WEGENER<\/h5><\/div><\/div><\/div><\/div><\/div>\t\t\t\t\t\t\t\t<\/div>\n\t\t\t\t<\/div>\n\t\t<div class=\"elementor-element elementor-element-8cd6722 e-con-full e-flex e-con e-child\" data-id=\"8cd6722\" data-element_type=\"container\">\n\t\t\t\t<div class=\"elementor-element elementor-element-31123e9 elementor-widget elementor-widget-text-editor\" data-id=\"31123e9\" data-element_type=\"widget\" data-widget_type=\"text-editor.default\">\n\t\t\t\t\t\t\t\t\t<h2><em>EN: OUR MISSION<\/em><\/h2><p><em>RadioArt.Lamd is a non-profit community streaming radio station, which broadcasts from the USED factory building in Quakenbr\u00fcck in the Artland region of Germany. We are supported by our community sponsors and listeners.<\/em><\/p><p><em>We are committed to community building by including all musical styles, genders, ethnicities, age groups, sexual orientation and economic status through mutual love and respect for music and artistic performance. We stand against racism, sexism, xenophobia, homophobia, hatred and violence.<\/em><\/p><h2><em>OUR VISION<\/em><\/h2><p><em>We hope to create an environment where viewers and listeners feel engaged and interested in everything we have to offer in the field of multi-genre programming. We intend to give the art community in Artland a voice and create a space for artists to showcase their work. We encourage support for artists across media and genres and hope to foster talent and give special emphasis to curating and documenting music and art history, as well as the art of DJing.<\/em><\/p><p><em>Our program is free and can be viewed and listened to both on our website and through Mixcloud (also through the Mixcloud app).<\/em><\/p><h2>BOARD OF DIRECTORS<\/h2><div class=\"wpb_column vc_column_container vc_col-sm-6\"><div class=\"vc_column-inner\"><div class=\"wpb_wrapper\"><div class=\"wpb_text_column wpb_content_element \"><div class=\"wpb_wrapper\"><h5>ROBERT GIDDENS<\/h5><h5>MARKUS GRUNDMANN<\/h5><h5>DOROTHEE FELSTERMANN\u00a0<\/h5><h5>KOSTA GIDDENS<\/h5><h5>DANIELA ACKMANN &#8211; FINANCIAL<\/h5><h5>THOMAS SCHUBERT<\/h5><h5>GISBERT WEGENER<\/h5><\/div><\/div><\/div><\/div><\/div>\t\t\t\t\t\t\t\t<\/div>\n\t\t\t\t<\/div>\n\t\t\t\t\t<\/div>\n\t\t\t\t<\/div>\n\t\t<div class=\"elementor-element elementor-element-35b62727 e-flex e-con-boxed e-con e-parent\" data-id=\"35b62727\" data-element_type=\"container\">\n\t\t\t\t\t<div class=\"e-con-inner\">\n\t\t<div class=\"elementor-element elementor-element-3a7d52b2 e-con-full e-flex e-con e-child\" data-id=\"3a7d52b2\" data-element_type=\"container\">\n\t\t\t\t<div class=\"elementor-element elementor-element-6943a4f1 elementor-widget elementor-widget-html\" data-id=\"6943a4f1\" data-element_type=\"widget\" data-widget_type=\"html.default\">\n\t\t\t\t\t<div id=\"random-quote\" style=\"font-family: Merriweather Sans, serif; font-style: italic; color: #f7f7f7; background: #111111; padding: 40px; text-align: center; font-size: 1.2em;\">\n  Loading quote...\n<\/div>\n\n<script>\n  const quotes = [\n    \"Without music, life would be a mistake. \u2014 Friedrich Nietzsche\",\n    \"One good thing about music, when it hits you, you feel no pain. \u2014 Bob Marley\",\n    \"Music is the shorthand of emotion. \u2014 Leo Tolstoy\",\n    \"Where words fail, music speaks. \u2014 Hans Christian Andersen\",\n    \"The only truth is music. \u2014 Jack Kerouac\",\n    \"Music gives a soul to the universe, wings to the mind, flight to the imagination and life to everything. \u2014 Plato\",\n    \"We sing and dance to exorcise the demons in us. \u2014 Radio Artland Manifesto\",\n    \"Come with me. Maybe you\u2019ll dance. Maybe you\u2019ll just listen and breathe. \u2014 Dance Ersatz\"\n  ];\n\n  const randomIndex = Math.floor(Math.random() * quotes.length);\n  document.getElementById('random-quote').textContent = quotes[randomIndex];\n<\/script>\n\t\t\t\t<\/div>\n\t\t\t\t<\/div>\n\t\t\t\t\t<\/div>\n\t\t\t\t<\/div>\n\t\t<div class=\"elementor-element elementor-element-2fecb9fe e-flex e-con-boxed e-con e-parent\" data-id=\"2fecb9fe\" data-element_type=\"container\">\n\t\t\t\t\t<div class=\"e-con-inner\">\n\t\t<div class=\"elementor-element elementor-element-3e81833a e-con-full e-flex e-con e-child\" data-id=\"3e81833a\" data-element_type=\"container\">\n\t\t\t\t<div class=\"elementor-element elementor-element-512bfb44 elementor-widget-divider--view-line elementor-widget elementor-widget-divider\" data-id=\"512bfb44\" data-element_type=\"widget\" data-widget_type=\"divider.default\">\n\t\t\t\t\t\t\t<div class=\"elementor-divider\">\n\t\t\t<span class=\"elementor-divider-separator\">\n\t\t\t\t\t\t<\/span>\n\t\t<\/div>\n\t\t\t\t\t\t<\/div>\n\t\t\t\t<\/div>\n\t\t\t\t\t<\/div>\n\t\t\t\t<\/div>\n\t\t<div class=\"elementor-element elementor-element-3a4f3997 e-flex e-con-boxed e-con e-parent\" data-id=\"3a4f3997\" data-element_type=\"container\" data-settings=\"{&quot;background_background&quot;:&quot;classic&quot;}\">\n\t\t\t\t\t<div class=\"e-con-inner\">\n\t\t<div class=\"elementor-element elementor-element-4b64688 e-flex e-con-boxed e-con e-child\" data-id=\"4b64688\" data-element_type=\"container\" data-settings=\"{&quot;background_background&quot;:&quot;classic&quot;}\">\n\t\t\t\t\t<div class=\"e-con-inner\">\n\t\t\t\t<div data-dce-advanced-background-color=\"#111111\" class=\"elementor-element elementor-element-5cfb42b2 elementor-widget elementor-widget-heading\" data-id=\"5cfb42b2\" data-element_type=\"widget\" data-widget_type=\"heading.default\">\n\t\t\t\t\t<h2 class=\"elementor-heading-title elementor-size-default\">CALL TO ACTION<\/h2>\t\t\t\t<\/div>\n\t\t<div data-dce-background-color=\"#111111\" class=\"elementor-element elementor-element-3d9dc901 e-flex e-con-boxed e-con e-child\" data-id=\"3d9dc901\" data-element_type=\"container\" data-settings=\"{&quot;background_background&quot;:&quot;classic&quot;}\">\n\t\t\t\t\t<div class=\"e-con-inner\">\n\t\t<div class=\"elementor-element elementor-element-46b49b66 e-con-full e-flex e-con e-child\" data-id=\"46b49b66\" data-element_type=\"container\">\n\t\t\t\t<div class=\"elementor-element elementor-element-10e191fb elementor-widget elementor-widget-text-editor\" data-id=\"10e191fb\" data-element_type=\"widget\" data-widget_type=\"text-editor.default\">\n\t\t\t\t\t\t\t\t\t<p>Werde Teil unserer Community \u2014 als Mitglied oder als DJ!<\/p>\t\t\t\t\t\t\t\t<\/div>\n\t\t\t\t<\/div>\n\t\t<div class=\"elementor-element elementor-element-6246d136 e-con-full e-flex e-con e-child\" data-id=\"6246d136\" data-element_type=\"container\">\n\t\t\t\t<div class=\"elementor-element elementor-element-699b7294 elementor-widget elementor-widget-text-editor\" data-id=\"699b7294\" data-element_type=\"widget\" data-widget_type=\"text-editor.default\">\n\t\t\t\t\t\t\t\t\t<p>Become part of our community \u2014 as a member or as a DJ!<\/p>\t\t\t\t\t\t\t\t<\/div>\n\t\t\t\t<\/div>\n\t\t\t\t\t<\/div>\n\t\t\t\t<\/div>\n\t\t<div data-dce-background-color=\"#F7F7F7\" class=\"elementor-element elementor-element-2543dda3 e-flex e-con-boxed e-con e-child\" data-id=\"2543dda3\" data-element_type=\"container\" data-settings=\"{&quot;background_background&quot;:&quot;classic&quot;}\">\n\t\t\t\t\t<div class=\"e-con-inner\">\n\t\t<div class=\"elementor-element elementor-element-2e6a9243 e-flex e-con-boxed e-con e-child\" data-id=\"2e6a9243\" data-element_type=\"container\">\n\t\t\t\t\t<div class=\"e-con-inner\">\n\t\t\t\t<div class=\"elementor-element elementor-element-32366e0e elementor-widget elementor-widget-text-editor\" data-id=\"32366e0e\" data-element_type=\"widget\" data-widget_type=\"text-editor.default\">\n\t\t\t\t\t\t\t\t\t<p><strong>RadioArt.Land<\/strong> lebt von guter Musik \u2013 und von der Unterst\u00fctzung unserer Mitglieder, Sponsoren und Freunde.<\/p><p>Du willst uns unterst\u00fctzen? So geht\u2019s:<\/p><ul><li><strong>Einschalten und genie\u00dfen.<\/strong> Schon zuh\u00f6ren hilft mehr, als du denkst.<\/li><li><strong>Werde Teil der Crew.<\/strong> F\u00fcr nur 36\u202f\u20ac im Jahr \u2013 weniger als ein Konzertticket.<\/li><li><strong>Ab an die Decks!<\/strong> Wir suchen immer neue DJs. Schreib uns einfach \u00fcber das Kontaktformular.<\/li><\/ul><p><em>Lass uns zusammen Musik machen!<\/em><\/p>\t\t\t\t\t\t\t\t<\/div>\n\t\t\t\t\t<\/div>\n\t\t\t\t<\/div>\n\t\t<div class=\"elementor-element elementor-element-582fb162 e-con-full e-flex e-con e-child\" data-id=\"582fb162\" data-element_type=\"container\">\n\t\t\t\t<div class=\"elementor-element elementor-element-7b63c60c elementor-widget elementor-widget-text-editor\" data-id=\"7b63c60c\" data-element_type=\"widget\" data-widget_type=\"text-editor.default\">\n\t\t\t\t\t\t\t\t\t<p><strong>RadioArt.Land<\/strong> runs on good vibes \u2014 and the support of our members, sponsors, and friends.<\/p><p>Want to help? Here&#8217;s how:<\/p><ul><li><strong>Tune in and turn it up.<\/strong> Just listening means the world to us.<\/li><li><strong>Join the crew.<\/strong> Membership is just \u20ac36 a year \u2014 less than a gig ticket.<\/li><li><strong>Get on the decks.<\/strong> We&#8217;re always looking for new DJs. Hit us up through the contact form!<\/li><\/ul><p><em>Let\u2019s make some magic together!<\/em><\/p>\t\t\t\t\t\t\t\t<\/div>\n\t\t\t\t<\/div>\n\t\t\t\t\t<\/div>\n\t\t\t\t<\/div>\n\t\t\t\t\t<\/div>\n\t\t\t\t<\/div>\n\t\t\t\t\t<\/div>\n\t\t\t\t<\/div>\n\t\t<div class=\"elementor-element elementor-element-206aecec e-flex e-con-boxed e-con e-parent\" data-id=\"206aecec\" data-element_type=\"container\">\n\t\t\t\t\t<div class=\"e-con-inner\">\n\t\t<div class=\"elementor-element elementor-element-681b7167 e-con-full e-flex e-con e-child\" data-id=\"681b7167\" data-element_type=\"container\">\n\t\t\t\t<div class=\"elementor-element elementor-element-683299f7 elementor-widget elementor-widget-html\" data-id=\"683299f7\" data-element_type=\"widget\" data-widget_type=\"html.default\">\n\t\t\t\t\t<div style=\"text-align: right; margin-top: 20px;\">\n  <a href=\"\/mitglied-werden\/\" class=\"radioartland-button\">MITGLIED WERDEN<\/a>\n<\/div>\n\t\t\t\t<\/div>\n\t\t\t\t<\/div>\n\t\t<div class=\"elementor-element elementor-element-59c6f38a e-con-full e-flex e-con e-child\" data-id=\"59c6f38a\" data-element_type=\"container\">\n\t\t\t\t<div class=\"elementor-element elementor-element-70de5b0d elementor-widget elementor-widget-html\" data-id=\"70de5b0d\" data-element_type=\"widget\" data-widget_type=\"html.default\">\n\t\t\t\t\t<div style=\"text-align: left; margin-top: 20px;\">\n  <a href=\"\/kontakt\/\" class=\"radioartland-button\">DJ CONTACT<\/a>\n<\/div>\n\t\t\t\t<\/div>\n\t\t\t\t<\/div>\n\t\t\t\t\t<\/div>\n\t\t\t\t<\/div>\n\t\t\t\t<\/div>\n\t\t","protected":false},"excerpt":{"rendered":"<p>ABOUT US \/ \u00dcBER UNS HUMAN POWERED RADIO FROM ARTLAND DE: UNSER AUFTRAG RadioArt.Land ist ein gemeinn\u00fctziger Community Streaming Radiosender, der von der USED-Fabrikhalle in Quakenbr\u00fcck in der Region Artland in Deutschland sendet. Wir werden von unseren Community-Sponsoren und H\u00f6rern unterst\u00fctzt. Wir engagieren uns f\u00fcr die Gemeinschaftsbildung durch die Einbeziehung aller Musikstile, Geschlechter, Ethnien, Altersgruppen, [&hellip;]<\/p>\n","protected":false},"author":1,"featured_media":0,"parent":0,"menu_order":0,"comment_status":"closed","ping_status":"closed","template":"elementor_header_footer","meta":{"_acf_changed":false,"iawp_total_views":24,"footnotes":""},"folder":[165],"class_list":["post-10080","page","type-page","status-publish","hentry"],"acf":[],"_links":{"self":[{"href":"https:\/\/radioartland.org\/dev\/wp-json\/wp\/v2\/pages\/10080","targetHints":{"allow":["GET"]}}],"collection":[{"href":"https:\/\/radioartland.org\/dev\/wp-json\/wp\/v2\/pages"}],"about":[{"href":"https:\/\/radioartland.org\/dev\/wp-json\/wp\/v2\/types\/page"}],"author":[{"embeddable":true,"href":"https:\/\/radioartland.org\/dev\/wp-json\/wp\/v2\/users\/1"}],"replies":[{"embeddable":true,"href":"https:\/\/radioartland.org\/dev\/wp-json\/wp\/v2\/comments?post=10080"}],"version-history":[{"count":10,"href":"https:\/\/radioartland.org\/dev\/wp-json\/wp\/v2\/pages\/10080\/revisions"}],"predecessor-version":[{"id":11128,"href":"https:\/\/radioartland.org\/dev\/wp-json\/wp\/v2\/pages\/10080\/revisions\/11128"}],"wp:attachment":[{"href":"https:\/\/radioartland.org\/dev\/wp-json\/wp\/v2\/media?parent=10080"}],"wp:term":[{"taxonomy":"folder","embeddable":true,"href":"https:\/\/radioartland.org\/dev\/wp-json\/wp\/v2\/folder?post=10080"}],"curies":[{"name":"wp","href":"https:\/\/api.w.org\/{rel}","templated":true}]}}