{"id":9100,"date":"2025-04-23T15:27:05","date_gmt":"2025-04-23T13:27:05","guid":{"rendered":"https:\/\/radioartland.org\/dev\/?page_id=9100"},"modified":"2025-05-24T21:43:51","modified_gmt":"2025-05-24T19:43:51","slug":"ra-impressum","status":"publish","type":"page","link":"https:\/\/radioartland.org\/dev\/ra-impressum\/","title":{"rendered":"RA-Impressum"},"content":{"rendered":"\t\t<div data-elementor-type=\"wp-page\" data-elementor-id=\"9100\" class=\"elementor elementor-9100\" data-elementor-post-type=\"page\">\n\t\t\t\t<div class=\"elementor-element elementor-element-6f0a0ff e-flex e-con-boxed e-con e-parent\" data-id=\"6f0a0ff\" data-element_type=\"container\">\n\t\t\t\t\t<div class=\"e-con-inner\">\n\t\t<div class=\"elementor-element elementor-element-de4d419 e-con-full e-flex e-con e-child\" data-id=\"de4d419\" data-element_type=\"container\">\n\t\t\t\t<div class=\"elementor-element elementor-element-6899460 elementor-widget elementor-widget-heading\" data-id=\"6899460\" data-element_type=\"widget\" data-widget_type=\"heading.default\">\n\t\t\t\t\t<h2 class=\"elementor-heading-title elementor-size-default\">IMPRESSUM<\/h2>\t\t\t\t<\/div>\n\t\t\t\t<\/div>\n\t\t<div class=\"elementor-element elementor-element-d010cf4 e-con-full e-flex e-con e-child\" data-id=\"d010cf4\" data-element_type=\"container\">\n\t\t\t\t<div class=\"elementor-element elementor-element-6c2b88b elementor-widget elementor-widget-heading\" data-id=\"6c2b88b\" data-element_type=\"widget\" data-widget_type=\"heading.default\">\n\t\t\t\t\t<h2 class=\"elementor-heading-title elementor-size-default\">LEGAL<\/h2>\t\t\t\t<\/div>\n\t\t\t\t<\/div>\n\t\t\t\t\t<\/div>\n\t\t\t\t<\/div>\n\t\t<div class=\"elementor-element elementor-element-62cdea0 e-flex e-con-boxed e-con e-parent\" data-id=\"62cdea0\" data-element_type=\"container\">\n\t\t\t\t\t<div class=\"e-con-inner\">\n\t\t<div class=\"elementor-element elementor-element-09537ce e-con-full e-flex e-con e-child\" data-id=\"09537ce\" data-element_type=\"container\">\n\t\t\t\t<div class=\"elementor-element elementor-element-0819c75 elementor-widget elementor-widget-text-editor\" data-id=\"0819c75\" data-element_type=\"widget\" data-widget_type=\"text-editor.default\">\n\t\t\t\t\t\t\t\t\t<h4>IMPRESSUM<\/h4><p>Angaben gem\u00e4\u00df \u00a7 5 TMG<\/p><p>Radio Art.Land e. V.<br \/>Am Bahnhof 3<br \/>49610 Quakenbr\u00fcck<br \/>Vereinsregister: 202001<br \/>Registergericht: Amtsgericht Osnabr\u00fcck<\/p><h4>VERTRETEN DURCH<\/h4><p>Robert Giddens<br \/>Markus Grundmann<br \/>Dorothee Felstermann<br \/>Thomas Schubert<br \/>Konstantinos Giddens<br \/>Gisbert Wegener<br \/>Daniela Ackmann<\/p><h4>KONTAKT<\/h4><p>Telefon: +49 (0) 5431 9263824<br \/>Telefax: +49 (0) 5431 9089987<br \/>E-Mail: info@radioartland.org<\/p><h4>VERANTWORTLICH F\u00dcR DEN INHALT NACH \u00a7 55 ABS. 2 RSTV<\/h4><p>Robert Giddens<br \/>Am Bahnhof 3a<br \/>49610 Quakenbr\u00fcck<\/p><h4>EU-STREITSCHLICHTUNG<\/h4><p>Die Europ\u00e4ische Kommission stellt eine Plattform zur Online-Streitbeilegung (OS) bereit:<br \/><a style=\"color: inherit;\" href=\"https:\/\/ec.europa.eu\/consumers\/odr\" target=\"_blank\" rel=\"noopener\">https:\/\/ec.europa.eu\/consumers\/odr<\/a><br \/>Unsere E-Mail-Adresse finden Sie oben im Impressum.<\/p><h4>VERBRAUCHER\u00adSTREIT\u00adBEILEGUNG \/ UNIVERSAL\u00adSCHLICHTUNGS\u00adSTELLE<\/h4><p>Wir sind nicht bereit oder verpflichtet, an Streitbeilegungsverfahren vor einer Verbraucherschlichtungsstelle teilzunehmen.<\/p><h4>HAFTUNG F\u00dcR INHALTE<\/h4><p>Als Diensteanbieter sind wir gem\u00e4\u00df \u00a7 7 Abs.1 TMG f\u00fcr eigene Inhalte auf diesen Seiten nach den allgemeinen Gesetzen verantwortlich. Nach \u00a7\u00a7 8 bis 10 TMG sind wir als Diensteanbieter jedoch nicht verpflichtet, \u00fcbermittelte oder gespeicherte fremde Informationen zu \u00fcberwachen oder nach Umst\u00e4nden zu forschen, die auf eine rechtswidrige T\u00e4tigkeit hinweisen.<br \/><br \/>Verpflichtungen zur Entfernung oder Sperrung der Nutzung von Informationen nach den allgemeinen Gesetzen bleiben hiervon unber\u00fchrt. Eine diesbez\u00fcgliche Haftung ist jedoch erst ab dem Zeitpunkt der Kenntnis einer konkreten Rechtsverletzung m\u00f6glich. Bei Bekanntwerden von entsprechenden Rechtsverletzungen werden wir diese Inhalte umgehend entfernen.<\/p><h4>HAFTUNG F\u00dcR LINKS<\/h4><p>Unser Angebot enth\u00e4lt Links zu externen Websites Dritter, auf deren Inhalte wir keinen Einfluss haben. Deshalb k\u00f6nnen wir f\u00fcr diese fremden Inhalte auch keine Gew\u00e4hr \u00fcbernehmen. F\u00fcr die Inhalte der verlinkten Seiten ist stets der jeweilige Anbieter oder Betreiber der Seiten verantwortlich.<br \/><br \/>Die verlinkten Seiten wurden zum Zeitpunkt der Verlinkung auf m\u00f6gliche Rechtsverst\u00f6\u00dfe \u00fcberpr\u00fcft. Rechtswidrige Inhalte waren zum Zeitpunkt der Verlinkung nicht erkennbar. Eine permanente inhaltliche Kontrolle der verlinkten Seiten ist jedoch ohne konkrete Anhaltspunkte einer Rechtsverletzung nicht zumutbar. Bei Bekanntwerden von Rechtsverletzungen werden wir derartige Links umgehend entfernen.<\/p><h4>URHEBERRECHT<\/h4><p>Die durch die Seitenbetreiber erstellten Inhalte und Werke auf diesen Seiten unterliegen dem deutschen Urheberrecht. Die Vervielf\u00e4ltigung, Bearbeitung, Verbreitung und jede Art der Verwertung au\u00dferhalb der Grenzen des Urheberrechtes bed\u00fcrfen der schriftlichen Zustimmung des jeweiligen Autors bzw. Erstellers.<br \/><br \/>Downloads und Kopien dieser Seite sind nur f\u00fcr den privaten, nicht kommerziellen Gebrauch gestattet. Soweit die Inhalte auf dieser Seite nicht vom Betreiber erstellt wurden, werden die Urheberrechte Dritter beachtet. Inhalte Dritter sind als solche gekennzeichnet. Sollten Sie trotzdem auf eine Urheberrechtsverletzung aufmerksam werden, bitten wir um einen entsprechenden Hinweis. Bei Bekanntwerden von Rechtsverletzungen werden wir derartige Inhalte umgehend entfernen.<\/p>\t\t\t\t\t\t\t\t<\/div>\n\t\t\t\t<\/div>\n\t\t<div class=\"elementor-element elementor-element-b89d6e0 e-con-full e-flex e-con e-child\" data-id=\"b89d6e0\" data-element_type=\"container\">\n\t\t\t\t<div class=\"elementor-element elementor-element-deeead3 elementor-widget elementor-widget-text-editor\" data-id=\"deeead3\" data-element_type=\"widget\" data-widget_type=\"text-editor.default\">\n\t\t\t\t\t\t\t\t\t<h4 style=\"font-style: italic;\">IMPRINT<\/h4><p style=\"font-style: italic;\">Information according to \u00a7 5 TMG<\/p><p style=\"font-style: italic;\">Radio Art.Land e. V.<br \/>Am Bahnhof 3<br \/>49610 Quakenbr\u00fcck, Germany<br \/>Register of Associations: 202001<br \/>Register Court: District Court Osnabr\u00fcck<\/p><h4 style=\"font-style: italic;\">REPRESENTED BY<\/h4><p style=\"font-style: italic;\">Robert Giddens<br \/>Markus Grundmann<br \/>Dorothee Felstermann<br \/>Thomas Schubert<br \/>Konstantinos Giddens<br \/>Gisbert Wegener<br \/>Daniela Ackmann<\/p><h4 style=\"font-style: italic;\">CONTACT<\/h4><p style=\"font-style: italic;\">Phone: +49 (0) 5431 9263824<br \/>Fax: +49 (0) 5431 9089987<br \/>Email: info@radioartland.org<\/p><h4 style=\"font-style: italic;\">RESPONSIBLE FOR CONTENT UNDER \u00a7 55 PARA. 2 RSTV<\/h4><p style=\"font-style: italic;\">Robert Giddens<br \/>Am Bahnhof 3a<br \/>49610 Quakenbr\u00fcck<\/p><h4 style=\"font-style: italic;\">EU DISPUTE RESOLUTION<\/h4><p style=\"font-style: italic;\">The European Commission provides a platform for online dispute resolution (ODR):<br \/><a style=\"color: inherit;\" href=\"https:\/\/ec.europa.eu\/consumers\/odr\" target=\"_blank\" rel=\"noopener\">https:\/\/ec.europa.eu\/consumers\/odr<\/a><br \/>You will find our email address in the contact section above.<\/p><h4 style=\"font-style: italic;\">DISPUTE RESOLUTION BODY<\/h4><p style=\"font-style: italic;\">We are not willing or obliged to participate in dispute settlement procedures before a consumer arbitration board.<\/p><h4 style=\"font-style: italic;\">LIABILITY FOR CONTENT<\/h4><p style=\"font-style: italic;\">As a service provider, we are responsible for our own content on these pages in accordance with \u00a7 7 para. 1 TMG. However, according to \u00a7\u00a7 8 to 10 TMG, we are not obliged to monitor transmitted or stored external information or to investigate circumstances indicating illegal activity.<br \/><br \/>Obligations to remove or block the use of information under general laws remain unaffected. However, liability in this regard is only possible from the time of knowledge of a concrete infringement. Upon becoming aware of such infringements, we will remove the content immediately.<\/p><h4 style=\"font-style: italic;\">LIABILITY FOR LINKS<\/h4><p style=\"font-style: italic;\">Our website contains links to external third-party websites, over whose content we have no influence. Therefore, we cannot assume any liability for these external contents. The respective provider or operator of the linked pages is always responsible for the content.<br \/><br \/>The linked pages were checked for possible legal violations at the time of linking. Illegal contents were not identifiable at that time. However, permanent monitoring of the linked pages is not reasonable without concrete evidence of a violation. If we become aware of any legal violations, we will remove such links immediately.<\/p><h4 style=\"font-style: italic;\">COPYRIGHT<\/h4><p style=\"font-style: italic;\">The content and works created by the site operators on these pages are subject to German copyright law. The reproduction, editing, distribution, and any kind of use outside the limits of copyright law require the written consent of the respective author or creator.<br \/><br \/>Downloads and copies of this site are only permitted for private, non-commercial use. Insofar as the content on this site was not created by the operator, the copyrights of third parties are respected. Contents of third parties are marked as such. Should you nevertheless become aware of a copyright infringement, please notify us accordingly. Upon notification of violations, we will remove such content immediately.<\/p>\t\t\t\t\t\t\t\t<\/div>\n\t\t\t\t<\/div>\n\t\t\t\t\t<\/div>\n\t\t\t\t<\/div>\n\t\t\t\t<\/div>\n\t\t","protected":false},"excerpt":{"rendered":"<p>IMPRESSUM LEGAL IMPRESSUM Angaben gem\u00e4\u00df \u00a7 5 TMG Radio Art.Land e. V.Am Bahnhof 349610 Quakenbr\u00fcckVereinsregister: 202001Registergericht: Amtsgericht Osnabr\u00fcck VERTRETEN DURCH Robert GiddensMarkus GrundmannDorothee FelstermannThomas SchubertKonstantinos GiddensGisbert WegenerDaniela Ackmann KONTAKT Telefon: +49 (0) 5431 9263824Telefax: +49 (0) 5431 9089987E-Mail: info@radioartland.org VERANTWORTLICH F\u00dcR DEN INHALT NACH \u00a7 55 ABS. 2 RSTV Robert GiddensAm Bahnhof 3a49610 Quakenbr\u00fcck EU-STREITSCHLICHTUNG [&hellip;]<\/p>\n","protected":false},"author":1,"featured_media":0,"parent":0,"menu_order":0,"comment_status":"closed","ping_status":"closed","template":"elementor_header_footer","meta":{"_acf_changed":false,"iawp_total_views":15,"footnotes":""},"folder":[165],"class_list":["post-9100","page","type-page","status-publish","hentry"],"acf":[],"_links":{"self":[{"href":"https:\/\/radioartland.org\/dev\/wp-json\/wp\/v2\/pages\/9100","targetHints":{"allow":["GET"]}}],"collection":[{"href":"https:\/\/radioartland.org\/dev\/wp-json\/wp\/v2\/pages"}],"about":[{"href":"https:\/\/radioartland.org\/dev\/wp-json\/wp\/v2\/types\/page"}],"author":[{"embeddable":true,"href":"https:\/\/radioartland.org\/dev\/wp-json\/wp\/v2\/users\/1"}],"replies":[{"embeddable":true,"href":"https:\/\/radioartland.org\/dev\/wp-json\/wp\/v2\/comments?post=9100"}],"version-history":[{"count":10,"href":"https:\/\/radioartland.org\/dev\/wp-json\/wp\/v2\/pages\/9100\/revisions"}],"predecessor-version":[{"id":10134,"href":"https:\/\/radioartland.org\/dev\/wp-json\/wp\/v2\/pages\/9100\/revisions\/10134"}],"wp:attachment":[{"href":"https:\/\/radioartland.org\/dev\/wp-json\/wp\/v2\/media?parent=9100"}],"wp:term":[{"taxonomy":"folder","embeddable":true,"href":"https:\/\/radioartland.org\/dev\/wp-json\/wp\/v2\/folder?post=9100"}],"curies":[{"name":"wp","href":"https:\/\/api.w.org\/{rel}","templated":true}]}}