{"id":9126,"date":"2025-04-23T15:52:00","date_gmt":"2025-04-23T13:52:00","guid":{"rendered":"https:\/\/radioartland.org\/dev\/?page_id=9126"},"modified":"2025-06-06T00:21:02","modified_gmt":"2025-06-05T22:21:02","slug":"ra-datenschutz-old","status":"publish","type":"page","link":"https:\/\/radioartland.org\/dev\/ra-datenschutz-old\/","title":{"rendered":"RA-Datenschutz-Old"},"content":{"rendered":"\t\t<div data-elementor-type=\"wp-page\" data-elementor-id=\"9126\" class=\"elementor elementor-9126\" data-elementor-post-type=\"page\">\n\t\t\t\t<div class=\"elementor-element elementor-element-14f17d40 e-flex e-con-boxed e-con e-parent\" data-id=\"14f17d40\" data-element_type=\"container\" data-settings=\"{&quot;background_background&quot;:&quot;classic&quot;}\">\n\t\t\t\t\t<div class=\"e-con-inner\">\n\t\t<div data-dce-background-overlay-color=\"#111111\" class=\"elementor-element elementor-element-1a304aa7 e-flex e-con-boxed e-con e-child\" data-id=\"1a304aa7\" data-element_type=\"container\" data-settings=\"{&quot;background_background&quot;:&quot;slideshow&quot;,&quot;background_slideshow_gallery&quot;:[{&quot;id&quot;:8852,&quot;url&quot;:&quot;https:\\\/\\\/radioartland.org\\\/dev\\\/wp-content\\\/uploads\\\/2025\\\/04\\\/Radio-Artland-Technics-1920x500-2.jpg&quot;},{&quot;id&quot;:9942,&quot;url&quot;:&quot;https:\\\/\\\/radioartland.org\\\/dev\\\/wp-content\\\/uploads\\\/2025\\\/05\\\/Radio-Artland-Hero4-Soundsystem-1920x500-1.webp&quot;}],&quot;background_slideshow_loop&quot;:&quot;yes&quot;,&quot;background_slideshow_slide_duration&quot;:5000,&quot;background_slideshow_slide_transition&quot;:&quot;fade&quot;,&quot;background_slideshow_transition_duration&quot;:500}\">\n\t\t\t\t\t<div class=\"e-con-inner\">\n\t\t<div class=\"elementor-element elementor-element-14a23dd3 e-flex e-con-boxed e-con e-child\" data-id=\"14a23dd3\" data-element_type=\"container\" data-settings=\"{&quot;background_background&quot;:&quot;classic&quot;}\">\n\t\t\t\t\t<div class=\"e-con-inner\">\n\t\t<div class=\"elementor-element elementor-element-13a91f94 e-flex e-con-boxed e-con e-child\" data-id=\"13a91f94\" data-element_type=\"container\" data-settings=\"{&quot;background_background&quot;:&quot;classic&quot;}\">\n\t\t\t\t\t<div class=\"e-con-inner\">\n\t\t\t\t<div class=\"elementor-element elementor-element-17c65ba9 elementor-widget__width-initial elementor-widget elementor-widget-heading\" data-id=\"17c65ba9\" data-element_type=\"widget\" data-widget_type=\"heading.default\">\n\t\t\t\t\t<h2 class=\"elementor-heading-title elementor-size-default\">DATENSCHUTZ \/ PRIVACY<\/h2>\t\t\t\t<\/div>\n\t\t\t\t<div class=\"elementor-element elementor-element-523a4dfb elementor-widget elementor-widget-text-editor\" data-id=\"523a4dfb\" data-element_type=\"widget\" data-widget_type=\"text-editor.default\">\n\t\t\t\t\t\t\t\t\t<p>HUMAN POWERED RADIO<\/p>\t\t\t\t\t\t\t\t<\/div>\n\t\t\t\t\t<\/div>\n\t\t\t\t<\/div>\n\t\t\t\t\t<\/div>\n\t\t\t\t<\/div>\n\t\t\t\t\t<\/div>\n\t\t\t\t<\/div>\n\t\t\t\t\t<\/div>\n\t\t\t\t<\/div>\n\t\t<div class=\"elementor-element elementor-element-5c53d40 e-flex e-con-boxed e-con e-parent\" data-id=\"5c53d40\" data-element_type=\"container\">\n\t\t\t\t\t<div class=\"e-con-inner\">\n\t\t<div class=\"elementor-element elementor-element-c03ec05 e-con-full e-flex e-con e-child\" data-id=\"c03ec05\" data-element_type=\"container\">\n\t\t\t\t<div class=\"elementor-element elementor-element-6cf3c7a elementor-widget elementor-widget-heading\" data-id=\"6cf3c7a\" data-element_type=\"widget\" data-widget_type=\"heading.default\">\n\t\t\t\t\t<h2 class=\"elementor-heading-title elementor-size-default\">Datenschutz<\/h2>\t\t\t\t<\/div>\n\t\t\t\t<\/div>\n\t\t<div class=\"elementor-element elementor-element-5cbee7a e-con-full e-flex e-con e-child\" data-id=\"5cbee7a\" data-element_type=\"container\">\n\t\t\t\t<div class=\"elementor-element elementor-element-1736c09 elementor-widget elementor-widget-heading\" data-id=\"1736c09\" data-element_type=\"widget\" data-widget_type=\"heading.default\">\n\t\t\t\t\t<h2 class=\"elementor-heading-title elementor-size-default\">Privacy<\/h2>\t\t\t\t<\/div>\n\t\t\t\t<\/div>\n\t\t\t\t\t<\/div>\n\t\t\t\t<\/div>\n\t\t<div class=\"elementor-element elementor-element-2553707 e-flex e-con-boxed e-con e-parent\" data-id=\"2553707\" data-element_type=\"container\">\n\t\t\t\t\t<div class=\"e-con-inner\">\n\t\t<div class=\"elementor-element elementor-element-33657a3 e-con-full e-flex e-con e-child\" data-id=\"33657a3\" data-element_type=\"container\">\n\t\t\t\t<div class=\"elementor-element elementor-element-9e3353a elementor-widget elementor-widget-text-editor\" data-id=\"9e3353a\" data-element_type=\"widget\" data-widget_type=\"text-editor.default\">\n\t\t\t\t\t\t\t\t\t<h4>DATENSCHUTZERKL\u00c4RUNG<\/h4><p>Wir freuen uns \u00fcber Ihr Interesse an unserer Website. Der Schutz Ihrer Privatsph\u00e4re ist f\u00fcr uns sehr wichtig. Nachstehend informieren wir Sie ausf\u00fchrlich \u00fcber den Umgang mit Ihren Daten.<\/p><h4>Zugriffsdaten und Hosting<\/h4><p>Sie k\u00f6nnen unsere Webseiten besuchen, ohne Angaben zu Ihrer Person zu machen. Bei jedem Aufruf einer Webseite speichert der Webserver lediglich automatisch ein sogenanntes Server-Logfile, das z.B. den Namen der angeforderten Datei, Ihre IP-Adresse, Datum und Uhrzeit des Abrufs, \u00fcbertragene Datenmenge und den anfragenden Provider enth\u00e4lt.<\/p><h4>Cookies<\/h4><p>Unsere Website verwendet keine Cookies zur Nutzerverfolgung. Cookies k\u00f6nnen durch Ihren Browser blockiert oder gel\u00f6scht werden.<\/p><h4>Kontaktaufnahme<\/h4><p>Bei der Kontaktaufnahme mit uns (z.B. per Kontaktformular oder E-Mail) werden personenbezogene Daten erhoben. Welche Daten im Fall eines Kontaktformulars erhoben werden, ist aus dem jeweiligen Formular ersichtlich. Diese Daten werden ausschlie\u00dflich zur Beantwortung Ihres Anliegens verwendet.<\/p><h4>Rechte der betroffenen Personen<\/h4><p>Sie haben das Recht auf unentgeltliche Auskunft \u00fcber die bei uns zu Ihrer Person gespeicherten Daten, deren Herkunft und Empf\u00e4nger sowie den Zweck der Datenverarbeitung. Zudem haben Sie ggf. ein Recht auf Berichtigung, Sperrung oder L\u00f6schung dieser Daten.<\/p><h4>Kontakt f\u00fcr Datenschutzfragen<\/h4><p>Bei Fragen zur Erhebung, Verarbeitung oder Nutzung Ihrer personenbezogenen Daten, bei Ausk\u00fcnften, Berichtigung, Sperrung oder L\u00f6schung von Daten wenden Sie sich bitte an: info@radioartland.org<\/p>\t\t\t\t\t\t\t\t<\/div>\n\t\t\t\t<\/div>\n\t\t<div class=\"elementor-element elementor-element-8d5766f e-con-full e-flex e-con e-child\" data-id=\"8d5766f\" data-element_type=\"container\">\n\t\t\t\t<div class=\"elementor-element elementor-element-3ba11f8 elementor-widget elementor-widget-text-editor\" data-id=\"3ba11f8\" data-element_type=\"widget\" data-widget_type=\"text-editor.default\">\n\t\t\t\t\t\t\t\t\t<h4><em>PRIVACY POLICY<\/em><\/h4><p><em>We are pleased about your interest in our website. Protecting your privacy is very important to us. Below we provide detailed information on how we handle your data.<\/em><\/p><h4><em>Access Data and Hosting<\/em><\/h4><p><em>You can visit our website without providing any personal information. With each visit, the server automatically stores a server log file that includes the name of the requested file, your IP address, date and time of access, data volume transferred, and the requesting provider.<\/em><\/p><h4><em>Cookies<\/em><\/h4><p><em>Our website does not use cookies for user tracking. You can block or delete cookies via your browser settings.<\/em><\/p><h4><em>Contacting Us<\/em><\/h4><p><em>When contacting us (e.g., via contact form or email), personal data is collected. Which data is collected in the case of a contact form is visible on the form itself. This data is used solely to respond to your inquiry.<\/em><\/p><h4><em>Rights of Data Subjects<\/em><\/h4><p><em>You have the right to request free information about the personal data we store about you, its origin and recipients, and the purpose of the data processing. You may also have the right to correct, block, or delete this data.<\/em><\/p><h4><em>Contact for Privacy Questions<\/em><\/h4><p><em>If you have any questions about the collection, processing, or use of your personal data, or if you would like to access, correct, block, or delete data, please contact: info@radioartland.org<\/em><\/p>\t\t\t\t\t\t\t\t<\/div>\n\t\t\t\t<\/div>\n\t\t\t\t\t<\/div>\n\t\t\t\t<\/div>\n\t\t\t\t<\/div>\n\t\t","protected":false},"excerpt":{"rendered":"<p>DATENSCHUTZ \/ PRIVACY HUMAN POWERED RADIO Datenschutz Privacy DATENSCHUTZERKL\u00c4RUNG Wir freuen uns \u00fcber Ihr Interesse an unserer Website. Der Schutz Ihrer Privatsph\u00e4re ist f\u00fcr uns sehr wichtig. Nachstehend informieren wir Sie ausf\u00fchrlich \u00fcber den Umgang mit Ihren Daten. Zugriffsdaten und Hosting Sie k\u00f6nnen unsere Webseiten besuchen, ohne Angaben zu Ihrer Person zu machen. Bei jedem [&hellip;]<\/p>\n","protected":false},"author":1,"featured_media":0,"parent":0,"menu_order":0,"comment_status":"closed","ping_status":"closed","template":"elementor_header_footer","meta":{"_acf_changed":false,"iawp_total_views":2,"footnotes":""},"folder":[167],"class_list":["post-9126","page","type-page","status-publish","hentry"],"acf":[],"_links":{"self":[{"href":"https:\/\/radioartland.org\/dev\/wp-json\/wp\/v2\/pages\/9126","targetHints":{"allow":["GET"]}}],"collection":[{"href":"https:\/\/radioartland.org\/dev\/wp-json\/wp\/v2\/pages"}],"about":[{"href":"https:\/\/radioartland.org\/dev\/wp-json\/wp\/v2\/types\/page"}],"author":[{"embeddable":true,"href":"https:\/\/radioartland.org\/dev\/wp-json\/wp\/v2\/users\/1"}],"replies":[{"embeddable":true,"href":"https:\/\/radioartland.org\/dev\/wp-json\/wp\/v2\/comments?post=9126"}],"version-history":[{"count":10,"href":"https:\/\/radioartland.org\/dev\/wp-json\/wp\/v2\/pages\/9126\/revisions"}],"predecessor-version":[{"id":11150,"href":"https:\/\/radioartland.org\/dev\/wp-json\/wp\/v2\/pages\/9126\/revisions\/11150"}],"wp:attachment":[{"href":"https:\/\/radioartland.org\/dev\/wp-json\/wp\/v2\/media?parent=9126"}],"wp:term":[{"taxonomy":"folder","embeddable":true,"href":"https:\/\/radioartland.org\/dev\/wp-json\/wp\/v2\/folder?post=9126"}],"curies":[{"name":"wp","href":"https:\/\/api.w.org\/{rel}","templated":true}]}}